{"id":1322,"date":"2022-06-07T16:57:39","date_gmt":"2022-06-07T15:57:39","guid":{"rendered":"http:\/\/NicoRD4U"},"modified":"2025-07-17T11:44:48","modified_gmt":"2025-07-17T10:44:48","slug":"mentions-legales","status":"publish","type":"page","link":"https:\/\/debarras-solutions.fr\/en\/mentions-legales\/","title":{"rendered":"Legal information"},"content":{"rendered":"<p><strong>The www.debarras-solutions.fr website is published by :<\/strong> Alexandre BERREBI<\/p>\n\n\n\n<p><strong>SIREN number :<\/strong> 804 488 575<\/p>\n\n\n\n<p><strong>Publication Manager :<\/strong> Alexandre BERREBI<\/p>\n\n\n\n<p><strong>Address:<\/strong> D\u00e9barras-Solutions<br>Mail Boxes Etc 026<br>2 bis Avenue Durante 06000 Nice<\/p>\n\n\n\n<p><strong>Phone<\/strong> 06 67 66 61 61<\/p>\n\n\n\n<p><strong>Email : <\/strong><span style=\"display:inline;unicode-bidi:bidi-override;direction:rtl;\" class=\"\">rf.snoitulos-sarrabed<span style=\"display:none;\">obfsctd-7846d4<\/span>@tcatnoc<\/span><\/p>\n\n\n\n<p><strong>Accommodation :<\/strong> This website is hosted by <a href=\"https:\/\/www.lws.fr\/\" target=\"_blank\" rel=\"noreferrer noopener nofollow\">company Soci\u00e9t\u00e9 LWS<\/a> (Ligne Web Services), 10 rue Penthi\u00e8vre 75008 Paris FRANCE, Capital of 1,000,000 euros. RCS Paris B 450 453 881<\/p>\n\n\n\n<p>Terms and conditions of use of the www.debarras-solutions.fr website<\/p>\n\n\n\n<p>The site and each of its components, logos, icons, computer graphics and photographs are protected under international intellectual property legislation. Any use, reproduction or representation is not authorised without the agreement of Mr Alexandre BERREBI.<\/p>","protected":false},"excerpt":{"rendered":"<p>Le site www.debarras-solutions.fr est \u00e9dit\u00e9 par : Alexandre BERREBI Num\u00e9ro SIREN : 804 488 575 Responsable de Publication : Alexandre BERREBI Adresse : D\u00e9barras-SolutionsMail Boxes Etc 0262 bis Avenue Durante 06000 Nice T\u00e9l\u00e9phone : 06 67 66 61 61 Email : rf.snoitulos-sarrabedobfsctd-6b67d7&#64;tcatnoc H\u00e9bergement : Ce site Internet est h\u00e9berg\u00e9 par la soci\u00e9t\u00e9 Soci\u00e9t\u00e9 LWS (Ligne [&hellip;]<\/p>","protected":false},"author":4,"featured_media":0,"parent":0,"menu_order":0,"comment_status":"closed","ping_status":"closed","template":"","meta":{"_monsterinsights_skip_tracking":false,"_monsterinsights_sitenote_active":false,"_monsterinsights_sitenote_note":"","_monsterinsights_sitenote_category":0,"footnotes":""},"class_list":["post-1322","page","type-page","status-publish","hentry"],"yoast_head":"<!-- This site is optimized with the Yoast SEO plugin v26.9 - https:\/\/yoast.com\/product\/yoast-seo-wordpress\/ -->\n<title>Mentions L\u00e9gales - Debarras-Solutions<\/title>\n<meta name=\"robots\" content=\"index, follow, max-snippet:-1, max-image-preview:large, max-video-preview:-1\" \/>\n<link rel=\"canonical\" href=\"https:\/\/debarras-solutions.fr\/en\/mentions-legales\/\" \/>\n<meta property=\"og:locale\" content=\"en_GB\" \/>\n<meta property=\"og:type\" content=\"article\" \/>\n<meta property=\"og:title\" content=\"Mentions L\u00e9gales - Debarras-Solutions\" \/>\n<meta property=\"og:description\" content=\"Le site www.debarras-solutions.fr est \u00e9dit\u00e9 par : Alexandre BERREBI Num\u00e9ro SIREN : 804 488 575 Responsable de Publication : Alexandre BERREBI Adresse : D\u00e9barras-SolutionsMail Boxes Etc 0262 bis Avenue Durante 06000 Nice T\u00e9l\u00e9phone : 06 67 66 61 61 Email : rf.snoitulos-sarrabedobfsctd-44b923&#064;tcatnoc H\u00e9bergement : Ce site Internet est h\u00e9berg\u00e9 par la soci\u00e9t\u00e9 Soci\u00e9t\u00e9 LWS (Ligne [&hellip;]\" \/>\n<meta property=\"og:url\" content=\"https:\/\/debarras-solutions.fr\/en\/mentions-legales\/\" \/>\n<meta property=\"og:site_name\" content=\"Debarras-Solutions\" \/>\n<meta property=\"article:modified_time\" content=\"2025-07-17T10:44:48+00:00\" \/>\n<meta name=\"twitter:label1\" content=\"Estimated reading time\" \/>\n\t<meta name=\"twitter:data1\" content=\"1 minute\" \/>\n<script type=\"application\/ld+json\" class=\"yoast-schema-graph\">{\"@context\":\"https:\/\/schema.org\",\"@graph\":[{\"@type\":\"WebPage\",\"@id\":\"https:\/\/debarras-solutions.fr\/mentions-legales\/\",\"url\":\"https:\/\/debarras-solutions.fr\/mentions-legales\/\",\"name\":\"Mentions L\u00e9gales - Debarras-Solutions\",\"isPartOf\":{\"@id\":\"https:\/\/debarras-solutions.fr\/#website\"},\"datePublished\":\"2022-06-07T15:57:39+00:00\",\"dateModified\":\"2025-07-17T10:44:48+00:00\",\"breadcrumb\":{\"@id\":\"https:\/\/debarras-solutions.fr\/mentions-legales\/#breadcrumb\"},\"inLanguage\":\"en-GB\",\"potentialAction\":[{\"@type\":\"ReadAction\",\"target\":[\"https:\/\/debarras-solutions.fr\/mentions-legales\/\"]}]},{\"@type\":\"BreadcrumbList\",\"@id\":\"https:\/\/debarras-solutions.fr\/mentions-legales\/#breadcrumb\",\"itemListElement\":[{\"@type\":\"ListItem\",\"position\":1,\"name\":\"Accueil\",\"item\":\"https:\/\/debarras-solutions.fr\/\"},{\"@type\":\"ListItem\",\"position\":2,\"name\":\"Mentions L\u00e9gales\"}]},{\"@type\":\"WebSite\",\"@id\":\"https:\/\/debarras-solutions.fr\/#website\",\"url\":\"https:\/\/debarras-solutions.fr\/\",\"name\":\"Debarras-Solutions\",\"description\":\"artisan d\u00e9barrasseur dans le 06\",\"publisher\":{\"@id\":\"https:\/\/debarras-solutions.fr\/#organization\"},\"potentialAction\":[{\"@type\":\"SearchAction\",\"target\":{\"@type\":\"EntryPoint\",\"urlTemplate\":\"https:\/\/debarras-solutions.fr\/?s={search_term_string}\"},\"query-input\":{\"@type\":\"PropertyValueSpecification\",\"valueRequired\":true,\"valueName\":\"search_term_string\"}}],\"inLanguage\":\"en-GB\"},{\"@type\":\"Organization\",\"@id\":\"https:\/\/debarras-solutions.fr\/#organization\",\"name\":\"Debarras-Solutions\",\"url\":\"https:\/\/debarras-solutions.fr\/\",\"logo\":{\"@type\":\"ImageObject\",\"inLanguage\":\"en-GB\",\"@id\":\"https:\/\/debarras-solutions.fr\/#\/schema\/logo\/image\/\",\"url\":\"https:\/\/debarras-solutions.fr\/wp-content\/uploads\/2022\/06\/logo-debarras-solution_lwsoptimized.webp\",\"contentUrl\":\"https:\/\/debarras-solutions.fr\/wp-content\/uploads\/2022\/06\/logo-debarras-solution_lwsoptimized.webp\",\"width\":200,\"height\":360,\"caption\":\"Debarras-Solutions\"},\"image\":{\"@id\":\"https:\/\/debarras-solutions.fr\/#\/schema\/logo\/image\/\"}}]}<\/script>\n<!-- \/ Yoast SEO plugin. -->","yoast_head_json":{"title":"Legal Notice - Debarras-Solutions","robots":{"index":"index","follow":"follow","max-snippet":"max-snippet:-1","max-image-preview":"max-image-preview:large","max-video-preview":"max-video-preview:-1"},"canonical":"https:\/\/debarras-solutions.fr\/en\/mentions-legales\/","og_locale":"en_GB","og_type":"article","og_title":"Mentions L\u00e9gales - Debarras-Solutions","og_description":"Le site www.debarras-solutions.fr est \u00e9dit\u00e9 par : Alexandre BERREBI Num\u00e9ro SIREN : 804 488 575 Responsable de Publication : Alexandre BERREBI Adresse : D\u00e9barras-SolutionsMail Boxes Etc 0262 bis Avenue Durante 06000 Nice T\u00e9l\u00e9phone : 06 67 66 61 61 Email : rf.snoitulos-sarrabedobfsctd-44b923&#64;tcatnoc H\u00e9bergement : Ce site Internet est h\u00e9berg\u00e9 par la soci\u00e9t\u00e9 Soci\u00e9t\u00e9 LWS (Ligne [&hellip;]","og_url":"https:\/\/debarras-solutions.fr\/en\/mentions-legales\/","og_site_name":"Debarras-Solutions","article_modified_time":"2025-07-17T10:44:48+00:00","twitter_misc":{"Estimated reading time":"1 minute"},"schema":{"@context":"https:\/\/schema.org","@graph":[{"@type":"WebPage","@id":"https:\/\/debarras-solutions.fr\/mentions-legales\/","url":"https:\/\/debarras-solutions.fr\/mentions-legales\/","name":"Legal Notice - Debarras-Solutions","isPartOf":{"@id":"https:\/\/debarras-solutions.fr\/#website"},"datePublished":"2022-06-07T15:57:39+00:00","dateModified":"2025-07-17T10:44:48+00:00","breadcrumb":{"@id":"https:\/\/debarras-solutions.fr\/mentions-legales\/#breadcrumb"},"inLanguage":"en-GB","potentialAction":[{"@type":"ReadAction","target":["https:\/\/debarras-solutions.fr\/mentions-legales\/"]}]},{"@type":"BreadcrumbList","@id":"https:\/\/debarras-solutions.fr\/mentions-legales\/#breadcrumb","itemListElement":[{"@type":"ListItem","position":1,"name":"Accueil","item":"https:\/\/debarras-solutions.fr\/"},{"@type":"ListItem","position":2,"name":"Mentions L\u00e9gales"}]},{"@type":"WebSite","@id":"https:\/\/debarras-solutions.fr\/#website","url":"https:\/\/debarras-solutions.fr\/","name":"Debarras-Solutions","description":"artisan riddler in the 06","publisher":{"@id":"https:\/\/debarras-solutions.fr\/#organization"},"potentialAction":[{"@type":"SearchAction","target":{"@type":"EntryPoint","urlTemplate":"https:\/\/debarras-solutions.fr\/?s={search_term_string}"},"query-input":{"@type":"PropertyValueSpecification","valueRequired":true,"valueName":"search_term_string"}}],"inLanguage":"en-GB"},{"@type":"Organization","@id":"https:\/\/debarras-solutions.fr\/#organization","name":"Debarras-Solutions","url":"https:\/\/debarras-solutions.fr\/","logo":{"@type":"ImageObject","inLanguage":"en-GB","@id":"https:\/\/debarras-solutions.fr\/#\/schema\/logo\/image\/","url":"https:\/\/debarras-solutions.fr\/wp-content\/uploads\/2022\/06\/logo-debarras-solution_lwsoptimized.webp","contentUrl":"https:\/\/debarras-solutions.fr\/wp-content\/uploads\/2022\/06\/logo-debarras-solution_lwsoptimized.webp","width":200,"height":360,"caption":"Debarras-Solutions"},"image":{"@id":"https:\/\/debarras-solutions.fr\/#\/schema\/logo\/image\/"}}]}},"_links":{"self":[{"href":"https:\/\/debarras-solutions.fr\/en\/wp-json\/wp\/v2\/pages\/1322","targetHints":{"allow":["GET"]}}],"collection":[{"href":"https:\/\/debarras-solutions.fr\/en\/wp-json\/wp\/v2\/pages"}],"about":[{"href":"https:\/\/debarras-solutions.fr\/en\/wp-json\/wp\/v2\/types\/page"}],"author":[{"embeddable":true,"href":"https:\/\/debarras-solutions.fr\/en\/wp-json\/wp\/v2\/users\/4"}],"replies":[{"embeddable":true,"href":"https:\/\/debarras-solutions.fr\/en\/wp-json\/wp\/v2\/comments?post=1322"}],"version-history":[{"count":7,"href":"https:\/\/debarras-solutions.fr\/en\/wp-json\/wp\/v2\/pages\/1322\/revisions"}],"predecessor-version":[{"id":2692,"href":"https:\/\/debarras-solutions.fr\/en\/wp-json\/wp\/v2\/pages\/1322\/revisions\/2692"}],"wp:attachment":[{"href":"https:\/\/debarras-solutions.fr\/en\/wp-json\/wp\/v2\/media?parent=1322"}],"curies":[{"name":"wp","href":"https:\/\/api.w.org\/{rel}","templated":true}]}}